{"id":28,"date":"2025-09-12T23:46:56","date_gmt":"2025-09-12T23:46:56","guid":{"rendered":"https:\/\/cuecgalvez.com.ar\/blog\/?page_id=28"},"modified":"2025-10-17T19:17:26","modified_gmt":"2025-10-17T19:17:26","slug":"el-sindicato","status":"publish","type":"page","link":"https:\/\/cuecgalvez.com.ar\/blog\/el-sindicato\/","title":{"rendered":"El sindicato"},"content":{"rendered":"\n<p><strong>Secretario General:<\/strong> DURANTE JORGE CARLOS<\/p>\n\n\n\n<p><strong>Secretario Adjunto:<\/strong> DURANTE CARLOS ANTONIO<\/p>\n\n\n\n<p><strong>Secretario Gremial:<\/strong> GIORZA EVANGELINA<\/p>\n\n\n\n<p><strong>Secretario Tesorero:<\/strong> PALEO CARLA MARIANA<\/p>\n\n\n\n<p><strong>Secretario de Adm. y Org.:<\/strong> ACOSTA GUSTAVO ADRI\u00c1N <\/p>\n\n\n\n<p><strong>Vocal Titular:<\/strong> NEIRA GERM\u00c1N ARIEL<\/p>\n\n\n\n<p><strong>Vocal Titular:<\/strong> BALQUINTA HECTOR RAM\u00d3N<\/p>\n\n\n\n<p><strong>Vocal Titular:<\/strong> CABRERA LUCIANA BEATRIZ<\/p>\n\n\n\n<p><strong>Vocal Titular:<\/strong> FERRER JULIO CESAR<\/p>\n\n\n\n<p><strong>Vocal Suplente:<\/strong> FORASTIERI HUGO JOS\u00c9<\/p>\n\n\n\n<p><strong>Vocal Suplente:<\/strong> GONZ\u00c1LEZ MIRNA LILIANA<\/p>\n\n\n\n<p><strong>Vocal Suplente:<\/strong> MARTINEZ JOSE LUIS<\/p>\n\n\n\n<p><strong>Vocal Suplente:<\/strong> GARNICA VANINA FERNANDA<\/p>\n\n\n\n<p><strong>Vocal Suplente:<\/strong> CORT\u00c9S CLAUDIO MARCELO<\/p>\n\n\n\n<div style=\"height:57px\" aria-hidden=\"true\" class=\"wp-block-spacer\"><\/div>\n\n\n\n<p><\/p>\n\n\n\n<p><strong>Delegado Titular CONGRESO NACIONAL DE FAECYS:<\/strong> DURANTE JORGE CARLOS<\/p>\n\n\n\n<p><strong>Delegado Suplente CONGRESO NACIONAL DE FAECYS:<\/strong> DURANTE CARLOS ANTONIO<\/p>\n\n\n\n<p><strong>Delegado Titular CONGRESO PROVINCIAL DE FAECYS:<\/strong> CORREA GUILLERMO<\/p>\n\n\n\n<p><strong>Delegado Suplente CONGRESO PROVINCIAL DE FAECYS:<\/strong> GIORZA EVANGELINA<\/p>\n\n\n\n<p><strong>Revisor de Cuentas Titular:<\/strong> GUILLERMO DANIEL CORREA<\/p>\n\n\n\n<p><strong>Revisor de Cuentas Titular:<\/strong> SICLARI N\u00c9STOR FRANCISCO<\/p>\n\n\n\n<p><strong>Revisor de Cuentas Titular:<\/strong> RAED MARIEL VER\u00d3NICA<\/p>\n\n\n\n<p><strong>Revisor de Cuentas Suplente:<\/strong> MORALES ALEJANDRA<\/p>\n\n\n\n<p><strong>Revisor de Cuentas Suplente:<\/strong> LEIVA MARCOS ANDR\u00c9S<\/p>\n\n\n\n<p><strong>Revisor de Cuentas Suplente:<\/strong> CERIOTTI SEBASTI\u00c1N ANTONIO<\/p>\n\n\n\n<p><\/p>\n","protected":false},"excerpt":{"rendered":"<p>Secretario General: DURANTE JORGE CARLOS Secretario Adjunto: DURANTE CARLOS ANTONIO Secretario Gremial: GIORZA EVANGELINA Secretario Tesorero: PALEO CARLA MARIANA Secretario de Adm. y Org.: ACOSTA GUSTAVO ADRI\u00c1N Vocal Titular: NEIRA GERM\u00c1N ARIEL Vocal Titular: BALQUINTA HECTOR RAM\u00d3N Vocal Titular: CABRERA LUCIANA BEATRIZ Vocal Titular: FERRER JULIO CESAR Vocal Suplente: FORASTIERI HUGO JOS\u00c9 Vocal Suplente: GONZ\u00c1LEZ [&hellip;]<\/p>\n","protected":false},"author":2,"featured_media":0,"parent":0,"menu_order":0,"comment_status":"closed","ping_status":"closed","template":"","meta":{"footnotes":""},"class_list":["post-28","page","type-page","status-publish","hentry"],"yoast_head":"<!-- This site is optimized with the Yoast SEO plugin v26.3 - https:\/\/yoast.com\/wordpress\/plugins\/seo\/ -->\n<title>El sindicato - CUEC G\u00c1LVEZ<\/title>\n<meta name=\"robots\" content=\"index, follow, max-snippet:-1, max-image-preview:large, max-video-preview:-1\" \/>\n<link rel=\"canonical\" href=\"https:\/\/cuecgalvez.com.ar\/blog\/el-sindicato\/\" \/>\n<meta property=\"og:locale\" content=\"es_ES\" \/>\n<meta property=\"og:type\" content=\"article\" \/>\n<meta property=\"og:title\" content=\"El sindicato - CUEC G\u00c1LVEZ\" \/>\n<meta property=\"og:description\" content=\"Secretario General: DURANTE JORGE CARLOS Secretario Adjunto: DURANTE CARLOS ANTONIO Secretario Gremial: GIORZA EVANGELINA Secretario Tesorero: PALEO CARLA MARIANA Secretario de Adm. y Org.: ACOSTA GUSTAVO ADRI\u00c1N Vocal Titular: NEIRA GERM\u00c1N ARIEL Vocal Titular: BALQUINTA HECTOR RAM\u00d3N Vocal Titular: CABRERA LUCIANA BEATRIZ Vocal Titular: FERRER JULIO CESAR Vocal Suplente: FORASTIERI HUGO JOS\u00c9 Vocal Suplente: GONZ\u00c1LEZ [&hellip;]\" \/>\n<meta property=\"og:url\" content=\"https:\/\/cuecgalvez.com.ar\/blog\/el-sindicato\/\" \/>\n<meta property=\"og:site_name\" content=\"CUEC G\u00c1LVEZ\" \/>\n<meta property=\"article:modified_time\" content=\"2025-10-17T19:17:26+00:00\" \/>\n<meta name=\"twitter:card\" content=\"summary_large_image\" \/>\n<meta name=\"twitter:label1\" content=\"Tiempo de lectura\" \/>\n\t<meta name=\"twitter:data1\" content=\"1 minuto\" \/>\n<script type=\"application\/ld+json\" class=\"yoast-schema-graph\">{\"@context\":\"https:\/\/schema.org\",\"@graph\":[{\"@type\":\"WebPage\",\"@id\":\"https:\/\/cuecgalvez.com.ar\/blog\/el-sindicato\/\",\"url\":\"https:\/\/cuecgalvez.com.ar\/blog\/el-sindicato\/\",\"name\":\"El sindicato - CUEC G\u00c1LVEZ\",\"isPartOf\":{\"@id\":\"https:\/\/cuecgalvez.com.ar\/blog\/#website\"},\"datePublished\":\"2025-09-12T23:46:56+00:00\",\"dateModified\":\"2025-10-17T19:17:26+00:00\",\"breadcrumb\":{\"@id\":\"https:\/\/cuecgalvez.com.ar\/blog\/el-sindicato\/#breadcrumb\"},\"inLanguage\":\"es\",\"potentialAction\":[{\"@type\":\"ReadAction\",\"target\":[\"https:\/\/cuecgalvez.com.ar\/blog\/el-sindicato\/\"]}]},{\"@type\":\"BreadcrumbList\",\"@id\":\"https:\/\/cuecgalvez.com.ar\/blog\/el-sindicato\/#breadcrumb\",\"itemListElement\":[{\"@type\":\"ListItem\",\"position\":1,\"name\":\"Portada\",\"item\":\"https:\/\/cuecgalvez.com.ar\/blog\/\"},{\"@type\":\"ListItem\",\"position\":2,\"name\":\"El sindicato\"}]},{\"@type\":\"WebSite\",\"@id\":\"https:\/\/cuecgalvez.com.ar\/blog\/#website\",\"url\":\"https:\/\/cuecgalvez.com.ar\/blog\/\",\"name\":\"CUEC G\u00e1lvez\",\"description\":\"Centro Uni\u00f3n Empleados de Comercio\",\"publisher\":{\"@id\":\"https:\/\/cuecgalvez.com.ar\/blog\/#organization\"},\"potentialAction\":[{\"@type\":\"SearchAction\",\"target\":{\"@type\":\"EntryPoint\",\"urlTemplate\":\"https:\/\/cuecgalvez.com.ar\/blog\/?s={search_term_string}\"},\"query-input\":{\"@type\":\"PropertyValueSpecification\",\"valueRequired\":true,\"valueName\":\"search_term_string\"}}],\"inLanguage\":\"es\"},{\"@type\":\"Organization\",\"@id\":\"https:\/\/cuecgalvez.com.ar\/blog\/#organization\",\"name\":\"Centro de Empleados de Comercio G\u00e1lvez\",\"url\":\"https:\/\/cuecgalvez.com.ar\/blog\/\",\"logo\":{\"@type\":\"ImageObject\",\"inLanguage\":\"es\",\"@id\":\"https:\/\/cuecgalvez.com.ar\/blog\/#\/schema\/logo\/image\/\",\"url\":\"https:\/\/cuecgalvez.com.ar\/blog\/wp-content\/uploads\/2025\/09\/centro-union-empleados-de-comercio.jpg\",\"contentUrl\":\"https:\/\/cuecgalvez.com.ar\/blog\/wp-content\/uploads\/2025\/09\/centro-union-empleados-de-comercio.jpg\",\"width\":900,\"height\":537,\"caption\":\"Centro de Empleados de Comercio G\u00e1lvez\"},\"image\":{\"@id\":\"https:\/\/cuecgalvez.com.ar\/blog\/#\/schema\/logo\/image\/\"}}]}<\/script>\n<!-- \/ Yoast SEO plugin. -->","yoast_head_json":{"title":"El sindicato - CUEC G\u00c1LVEZ","robots":{"index":"index","follow":"follow","max-snippet":"max-snippet:-1","max-image-preview":"max-image-preview:large","max-video-preview":"max-video-preview:-1"},"canonical":"https:\/\/cuecgalvez.com.ar\/blog\/el-sindicato\/","og_locale":"es_ES","og_type":"article","og_title":"El sindicato - CUEC G\u00c1LVEZ","og_description":"Secretario General: DURANTE JORGE CARLOS Secretario Adjunto: DURANTE CARLOS ANTONIO Secretario Gremial: GIORZA EVANGELINA Secretario Tesorero: PALEO CARLA MARIANA Secretario de Adm. y Org.: ACOSTA GUSTAVO ADRI\u00c1N Vocal Titular: NEIRA GERM\u00c1N ARIEL Vocal Titular: BALQUINTA HECTOR RAM\u00d3N Vocal Titular: CABRERA LUCIANA BEATRIZ Vocal Titular: FERRER JULIO CESAR Vocal Suplente: FORASTIERI HUGO JOS\u00c9 Vocal Suplente: GONZ\u00c1LEZ [&hellip;]","og_url":"https:\/\/cuecgalvez.com.ar\/blog\/el-sindicato\/","og_site_name":"CUEC G\u00c1LVEZ","article_modified_time":"2025-10-17T19:17:26+00:00","twitter_card":"summary_large_image","twitter_misc":{"Tiempo de lectura":"1 minuto"},"schema":{"@context":"https:\/\/schema.org","@graph":[{"@type":"WebPage","@id":"https:\/\/cuecgalvez.com.ar\/blog\/el-sindicato\/","url":"https:\/\/cuecgalvez.com.ar\/blog\/el-sindicato\/","name":"El sindicato - CUEC G\u00c1LVEZ","isPartOf":{"@id":"https:\/\/cuecgalvez.com.ar\/blog\/#website"},"datePublished":"2025-09-12T23:46:56+00:00","dateModified":"2025-10-17T19:17:26+00:00","breadcrumb":{"@id":"https:\/\/cuecgalvez.com.ar\/blog\/el-sindicato\/#breadcrumb"},"inLanguage":"es","potentialAction":[{"@type":"ReadAction","target":["https:\/\/cuecgalvez.com.ar\/blog\/el-sindicato\/"]}]},{"@type":"BreadcrumbList","@id":"https:\/\/cuecgalvez.com.ar\/blog\/el-sindicato\/#breadcrumb","itemListElement":[{"@type":"ListItem","position":1,"name":"Portada","item":"https:\/\/cuecgalvez.com.ar\/blog\/"},{"@type":"ListItem","position":2,"name":"El sindicato"}]},{"@type":"WebSite","@id":"https:\/\/cuecgalvez.com.ar\/blog\/#website","url":"https:\/\/cuecgalvez.com.ar\/blog\/","name":"CUEC G\u00e1lvez","description":"Centro Uni\u00f3n Empleados de Comercio","publisher":{"@id":"https:\/\/cuecgalvez.com.ar\/blog\/#organization"},"potentialAction":[{"@type":"SearchAction","target":{"@type":"EntryPoint","urlTemplate":"https:\/\/cuecgalvez.com.ar\/blog\/?s={search_term_string}"},"query-input":{"@type":"PropertyValueSpecification","valueRequired":true,"valueName":"search_term_string"}}],"inLanguage":"es"},{"@type":"Organization","@id":"https:\/\/cuecgalvez.com.ar\/blog\/#organization","name":"Centro de Empleados de Comercio G\u00e1lvez","url":"https:\/\/cuecgalvez.com.ar\/blog\/","logo":{"@type":"ImageObject","inLanguage":"es","@id":"https:\/\/cuecgalvez.com.ar\/blog\/#\/schema\/logo\/image\/","url":"https:\/\/cuecgalvez.com.ar\/blog\/wp-content\/uploads\/2025\/09\/centro-union-empleados-de-comercio.jpg","contentUrl":"https:\/\/cuecgalvez.com.ar\/blog\/wp-content\/uploads\/2025\/09\/centro-union-empleados-de-comercio.jpg","width":900,"height":537,"caption":"Centro de Empleados de Comercio G\u00e1lvez"},"image":{"@id":"https:\/\/cuecgalvez.com.ar\/blog\/#\/schema\/logo\/image\/"}}]}},"_links":{"self":[{"href":"https:\/\/cuecgalvez.com.ar\/blog\/wp-json\/wp\/v2\/pages\/28","targetHints":{"allow":["GET"]}}],"collection":[{"href":"https:\/\/cuecgalvez.com.ar\/blog\/wp-json\/wp\/v2\/pages"}],"about":[{"href":"https:\/\/cuecgalvez.com.ar\/blog\/wp-json\/wp\/v2\/types\/page"}],"author":[{"embeddable":true,"href":"https:\/\/cuecgalvez.com.ar\/blog\/wp-json\/wp\/v2\/users\/2"}],"replies":[{"embeddable":true,"href":"https:\/\/cuecgalvez.com.ar\/blog\/wp-json\/wp\/v2\/comments?post=28"}],"version-history":[{"count":3,"href":"https:\/\/cuecgalvez.com.ar\/blog\/wp-json\/wp\/v2\/pages\/28\/revisions"}],"predecessor-version":[{"id":399,"href":"https:\/\/cuecgalvez.com.ar\/blog\/wp-json\/wp\/v2\/pages\/28\/revisions\/399"}],"wp:attachment":[{"href":"https:\/\/cuecgalvez.com.ar\/blog\/wp-json\/wp\/v2\/media?parent=28"}],"curies":[{"name":"wp","href":"https:\/\/api.w.org\/{rel}","templated":true}]}}