{"id":30,"date":"2025-09-12T23:51:44","date_gmt":"2025-09-12T23:51:44","guid":{"rendered":"https:\/\/cuecgalvez.com.ar\/blog\/?page_id=30"},"modified":"2025-10-15T00:07:08","modified_gmt":"2025-10-15T00:07:08","slug":"beneficios","status":"publish","type":"page","link":"https:\/\/cuecgalvez.com.ar\/blog\/beneficios\/","title":{"rendered":"Beneficios"},"content":{"rendered":"\n<div class=\"wp-block-media-text is-stacked-on-mobile\"><figure class=\"wp-block-media-text__media\"><img  title=\"\" loading=\"lazy\" decoding=\"async\" width=\"1024\" height=\"950\" src=\"https:\/\/cuecgalvez.com.ar\/blog\/wp-content\/uploads\/2025\/09\/casamiento-1.png\"  alt=\"casamiento-1 Beneficios\"  class=\"wp-image-63 size-full\" srcset=\"https:\/\/cuecgalvez.com.ar\/blog\/wp-content\/uploads\/2025\/09\/casamiento-1.png 1024w, https:\/\/cuecgalvez.com.ar\/blog\/wp-content\/uploads\/2025\/09\/casamiento-1-300x278.png 300w, https:\/\/cuecgalvez.com.ar\/blog\/wp-content\/uploads\/2025\/09\/casamiento-1-768x713.png 768w\" sizes=\"auto, (max-width: 1024px) 100vw, 1024px\" \/><\/figure><div class=\"wp-block-media-text__content\">\n<p><strong>SUBSIDIO POR CASAMIENTO<\/strong>:<\/p>\n\n\n\n<p>Se otorga un valor igual que paga el ANSES.<\/p>\n\n\n\n<p>Presentando la fotocopia del ACTA DE MATRIMONIO y FOTOCOPIA RECIBO DE SUELDO. <\/p>\n\n\n\n<details class=\"wp-block-details is-layout-flow wp-block-details-is-layout-flow\"><summary>VER REGLAMENTACI\u00d3N<\/summary>\n<p>Para obtener el beneficio deber\u00e1 contar con 9 meses de antig\u00fcedad como socio al Sindicato.<\/p>\n<\/details>\n<\/div><\/div>\n\n\n\n<div style=\"height:100px\" aria-hidden=\"true\" class=\"wp-block-spacer\"><\/div>\n\n\n\n<div class=\"wp-block-media-text has-media-on-the-right is-stacked-on-mobile\"><div class=\"wp-block-media-text__content\">\n<p><strong>SUBSIDIO POR CASAMIENTO<\/strong>:<\/p>\n\n\n\n<p>Se otorga un valor igual que paga el ANSES.<\/p>\n\n\n\n<p>Presentando la fotocopia del ACTA DE LA PARTIDA DE NACIMIENTO y FOTOCOPIA RECIBO DE SUELDO. <\/p>\n\n\n\n<details class=\"wp-block-details is-layout-flow wp-block-details-is-layout-flow\"><summary>VER REGLAMENTACI\u00d3N<\/summary>\n<p>Para obtener el beneficio deber\u00e1 contar con 9 meses de antig\u00fcedad como socio al Sindicato.<\/p>\n<\/details>\n<\/div><figure class=\"wp-block-media-text__media\"><img  title=\"\" loading=\"lazy\" decoding=\"async\" width=\"1024\" height=\"950\" src=\"https:\/\/cuecgalvez.com.ar\/blog\/wp-content\/uploads\/2025\/09\/bebe-1.png\"  alt=\"bebe-1 Beneficios\"  class=\"wp-image-65 size-full\" srcset=\"https:\/\/cuecgalvez.com.ar\/blog\/wp-content\/uploads\/2025\/09\/bebe-1.png 1024w, https:\/\/cuecgalvez.com.ar\/blog\/wp-content\/uploads\/2025\/09\/bebe-1-300x278.png 300w, https:\/\/cuecgalvez.com.ar\/blog\/wp-content\/uploads\/2025\/09\/bebe-1-768x713.png 768w\" sizes=\"auto, (max-width: 1024px) 100vw, 1024px\" \/><\/figure><\/div>\n\n\n\n<div style=\"height:100px\" aria-hidden=\"true\" class=\"wp-block-spacer\"><\/div>\n\n\n\n<div class=\"wp-block-media-text is-stacked-on-mobile\"><figure class=\"wp-block-media-text__media\"><img  title=\"\" loading=\"lazy\" decoding=\"async\" width=\"1024\" height=\"950\" src=\"https:\/\/cuecgalvez.com.ar\/blog\/wp-content\/uploads\/2025\/09\/utiles-escolares-1.png\"  alt=\"utiles-escolares-1 Beneficios\"  class=\"wp-image-68 size-full\" srcset=\"https:\/\/cuecgalvez.com.ar\/blog\/wp-content\/uploads\/2025\/09\/utiles-escolares-1.png 1024w, https:\/\/cuecgalvez.com.ar\/blog\/wp-content\/uploads\/2025\/09\/utiles-escolares-1-300x278.png 300w, https:\/\/cuecgalvez.com.ar\/blog\/wp-content\/uploads\/2025\/09\/utiles-escolares-1-768x713.png 768w\" sizes=\"auto, (max-width: 1024px) 100vw, 1024px\" \/><\/figure><div class=\"wp-block-media-text__content\">\n<p><strong>CARTELERA ESCOLAR<\/strong>:<\/p>\n\n\n\n<details class=\"wp-block-details is-layout-flow wp-block-details-is-layout-flow\"><summary>BOLS\u00d3N DE \u00daTILES<\/summary>\n<p>Desde pre-escolar hasta terciario.<\/p>\n<\/details>\n\n\n\n<details class=\"wp-block-details is-layout-flow wp-block-details-is-layout-flow\"><summary>MOCHILAS<\/summary>\n<p>Desde 1er grado hasta 7mo grado.<\/p>\n<\/details>\n\n\n\n<details class=\"wp-block-details is-layout-flow wp-block-details-is-layout-flow\"><summary>GUARDAPOLVOS<\/summary>\n<p>Desde primer grado hasta secundaria.<\/p>\n<\/details>\n\n\n\n<details class=\"wp-block-details is-layout-flow wp-block-details-is-layout-flow\"><summary>CONJUNTO<\/summary>\n<p>Accesorios completos para pre-escolar.<\/p>\n<\/details>\n\n\n\n<p>Presentando la fotocopia de CARTERA ESCOLAR COMPLETA y FOTOCOPIA RECIBO DE SUELDO.<\/p>\n\n\n\n<details class=\"wp-block-details is-layout-flow wp-block-details-is-layout-flow\"><summary>VER REGLAMENTACI\u00d3N<\/summary>\n<p>Para obtener el beneficio deber\u00e1 contar con 6 meses de antig\u00fcedad como socio al Sindicato.<\/p>\n<\/details>\n<\/div><\/div>\n\n\n\n<div style=\"height:100px\" aria-hidden=\"true\" class=\"wp-block-spacer\"><\/div>\n\n\n\n<div class=\"wp-block-media-text has-media-on-the-right is-stacked-on-mobile\"><div class=\"wp-block-media-text__content\">\n<p><strong>SAL\u00d3N DE FIESTAS<\/strong>:<\/p>\n\n\n\n<p>Al asociado se le cobra un precio diferenciado en donde se eval\u00faan los gastos que se ocasionan por limpieza, seguridad, tr\u00e1mites de habilitaci\u00f3n, gastos de energ\u00eda el\u00e9ctrica (iluminaci\u00f3n, uso de aire acondicionado fr\u00edo-calor).<\/p>\n\n\n\n<details class=\"wp-block-details is-layout-flow wp-block-details-is-layout-flow\"><summary>VER REGLAMENTACI\u00d3N<\/summary>\n<p>Para obtener el beneficio no se necesita contar con antig\u00fcedad como socio al Sindicato.<\/p>\n<\/details>\n\n\n\n<p><a href=\"https:\/\/cuecgalvez.com.ar\/blog\/nuestro-salon-de-eventos\/\">VER GALER\u00cdA DE IM\u00c1GENES<\/a><\/p>\n\n\n\n<div class=\"wp-block-buttons is-layout-flex wp-block-buttons-is-layout-flex\"><\/div>\n<\/div><figure class=\"wp-block-media-text__media\"><img  title=\"\" loading=\"lazy\" decoding=\"async\" width=\"1024\" height=\"950\" src=\"https:\/\/cuecgalvez.com.ar\/blog\/wp-content\/uploads\/2025\/09\/salon-eventos-CUEC-GALVEZ.jpg\"  alt=\"salon-eventos-CUEC-GALVEZ Beneficios\"  class=\"wp-image-56 size-full\" srcset=\"https:\/\/cuecgalvez.com.ar\/blog\/wp-content\/uploads\/2025\/09\/salon-eventos-CUEC-GALVEZ.jpg 1024w, https:\/\/cuecgalvez.com.ar\/blog\/wp-content\/uploads\/2025\/09\/salon-eventos-CUEC-GALVEZ-300x278.jpg 300w, https:\/\/cuecgalvez.com.ar\/blog\/wp-content\/uploads\/2025\/09\/salon-eventos-CUEC-GALVEZ-768x713.jpg 768w\" sizes=\"auto, (max-width: 1024px) 100vw, 1024px\" \/><\/figure><\/div>\n\n\n\n<div style=\"height:100px\" aria-hidden=\"true\" class=\"wp-block-spacer\"><\/div>\n\n\n\n<div class=\"wp-block-media-text is-stacked-on-mobile\"><figure class=\"wp-block-media-text__media\"><img  title=\"\" loading=\"lazy\" decoding=\"async\" width=\"1024\" height=\"950\" src=\"https:\/\/cuecgalvez.com.ar\/blog\/wp-content\/uploads\/2025\/10\/WhatsApp-Image-2025-10-14-at-07.57.48.jpeg\"  alt=\"WhatsApp-Image-2025-10-14-at-07.57.48 Beneficios\"  class=\"wp-image-375 size-full\" srcset=\"https:\/\/cuecgalvez.com.ar\/blog\/wp-content\/uploads\/2025\/10\/WhatsApp-Image-2025-10-14-at-07.57.48.jpeg 1024w, https:\/\/cuecgalvez.com.ar\/blog\/wp-content\/uploads\/2025\/10\/WhatsApp-Image-2025-10-14-at-07.57.48-300x278.jpeg 300w, https:\/\/cuecgalvez.com.ar\/blog\/wp-content\/uploads\/2025\/10\/WhatsApp-Image-2025-10-14-at-07.57.48-768x713.jpeg 768w\" sizes=\"auto, (max-width: 1024px) 100vw, 1024px\" \/><\/figure><div class=\"wp-block-media-text__content\">\n<p><strong>SAL\u00d3N DE CONFERENCIAS<\/strong>:<\/p>\n\n\n\n<p>Totalmente acondicionado con todas las comodidades para conferencias de inter\u00e9s gremial y de la comunidad en general. <\/p>\n\n\n\n<details class=\"wp-block-details is-layout-flow wp-block-details-is-layout-flow\"><summary>VER REGLAMENTACI\u00d3N<\/summary>\n<p>Para obtener el beneficio no se necesita contar con antig\u00fcedad como socio al Sindicato.<\/p>\n<\/details>\n<\/div><\/div>\n\n\n\n<div style=\"height:100px\" aria-hidden=\"true\" class=\"wp-block-spacer\"><\/div>\n\n\n\n<div class=\"wp-block-media-text has-media-on-the-right is-stacked-on-mobile\"><div class=\"wp-block-media-text__content\">\n<p><strong>SAL\u00d3N DE CAPACITACIONES<\/strong>:<\/p>\n\n\n\n<p>Equipado con la tecnolog\u00eda para el dictado de cursos de capacitaci\u00f3n a los empleados de comercio y su grupo familiar.<\/p>\n\n\n\n<details class=\"wp-block-details is-layout-flow wp-block-details-is-layout-flow\"><summary>VER REGLAMENTACI\u00d3N<\/summary>\n<p>Para obtener el beneficio no se necesita contar con antig\u00fcedad como socio al Sindicato.<\/p>\n<\/details>\n<\/div><figure class=\"wp-block-media-text__media\"><img  title=\"\" loading=\"lazy\" decoding=\"async\" width=\"1022\" height=\"950\" src=\"https:\/\/cuecgalvez.com.ar\/blog\/wp-content\/uploads\/2025\/10\/sala-capacitacion-CUEC-GALVEZ-1.jpeg\"  alt=\"sala-capacitacion-CUEC-GALVEZ-1 Beneficios\"  class=\"wp-image-373 size-full\" srcset=\"https:\/\/cuecgalvez.com.ar\/blog\/wp-content\/uploads\/2025\/10\/sala-capacitacion-CUEC-GALVEZ-1.jpeg 1022w, https:\/\/cuecgalvez.com.ar\/blog\/wp-content\/uploads\/2025\/10\/sala-capacitacion-CUEC-GALVEZ-1-300x279.jpeg 300w, https:\/\/cuecgalvez.com.ar\/blog\/wp-content\/uploads\/2025\/10\/sala-capacitacion-CUEC-GALVEZ-1-768x714.jpeg 768w\" sizes=\"auto, (max-width: 1022px) 100vw, 1022px\" \/><\/figure><\/div>\n\n\n\n<div style=\"height:100px\" aria-hidden=\"true\" class=\"wp-block-spacer\"><\/div>\n\n\n\n<div class=\"wp-block-media-text is-stacked-on-mobile\"><figure class=\"wp-block-media-text__media\"><img  title=\"\" loading=\"lazy\" decoding=\"async\" width=\"1024\" height=\"950\" src=\"https:\/\/cuecgalvez.com.ar\/blog\/wp-content\/uploads\/2025\/09\/quincho-cuec-galvez-1024X950.jpg\"  alt=\"quincho-cuec-galvez-1024X950 Beneficios\"  class=\"wp-image-359 size-full\" srcset=\"https:\/\/cuecgalvez.com.ar\/blog\/wp-content\/uploads\/2025\/09\/quincho-cuec-galvez-1024X950.jpg 1024w, https:\/\/cuecgalvez.com.ar\/blog\/wp-content\/uploads\/2025\/09\/quincho-cuec-galvez-1024X950-300x278.jpg 300w, https:\/\/cuecgalvez.com.ar\/blog\/wp-content\/uploads\/2025\/09\/quincho-cuec-galvez-1024X950-768x713.jpg 768w\" sizes=\"auto, (max-width: 1024px) 100vw, 1024px\" \/><\/figure><div class=\"wp-block-media-text__content\">\n<p>QUINCHO Y PATIO:<\/p>\n\n\n\n<p>Equipado con la tecnolog\u00eda para el dictado de cursos de capacitaci\u00f3n a los empleados de comercio y su grupo familiar.<\/p>\n\n\n\n<details class=\"wp-block-details is-layout-flow wp-block-details-is-layout-flow\"><summary>VER REGLAMENTACI\u00d3N<\/summary>\n<p>Para obtener el beneficio no se necesita contar con antig\u00fcedad como socio al Sindicato.<\/p>\n<\/details>\n\n\n\n<p><a href=\"https:\/\/cuecgalvez.com.ar\/blog\/quincho\/\">VER GALER\u00cdA DE IM\u00c1GENES<\/a><\/p>\n<\/div><\/div>\n\n\n\n<div style=\"height:100px\" aria-hidden=\"true\" class=\"wp-block-spacer\"><\/div>\n\n\n\n<div class=\"wp-block-media-text has-media-on-the-right is-stacked-on-mobile\"><div class=\"wp-block-media-text__content\">\n<p><strong><strong>REINTEGROS DE CO-SEGUROS DE O.S.E.C.A.C.<\/strong><\/strong>:<\/p>\n\n\n\n<ul class=\"wp-block-list\">\n<li>80% Co-seguros OSECAC de an\u00e1lisis. <\/li>\n\n\n\n<li>80% Co-seguros OSECAC de radiograf\u00edas.<\/li>\n\n\n\n<li>80% Co-seguros OSECAC de pr\u00e1cticas especializadas.<\/li>\n\n\n\n<li>80% Co-seguros OSECAC de pr\u00e1cticas odontol\u00f3gicas. <\/li>\n<\/ul>\n\n\n\n<details class=\"wp-block-details is-layout-flow wp-block-details-is-layout-flow\"><summary>VER REGLAMENTACI\u00d3N<\/summary>\n<p>Para obtener el beneficio deber\u00e1 contar con 3 meses de antig\u00fcedad como socio al Sindicato.<\/p>\n<\/details>\n<\/div><figure class=\"wp-block-media-text__media\"><img  title=\"\" loading=\"lazy\" decoding=\"async\" width=\"1024\" height=\"950\" src=\"https:\/\/cuecgalvez.com.ar\/blog\/wp-content\/uploads\/2025\/09\/OSECAC-1.jpg\"  alt=\"OSECAC-1 Beneficios\"  class=\"wp-image-64 size-full\" srcset=\"https:\/\/cuecgalvez.com.ar\/blog\/wp-content\/uploads\/2025\/09\/OSECAC-1.jpg 1024w, https:\/\/cuecgalvez.com.ar\/blog\/wp-content\/uploads\/2025\/09\/OSECAC-1-300x278.jpg 300w, https:\/\/cuecgalvez.com.ar\/blog\/wp-content\/uploads\/2025\/09\/OSECAC-1-768x713.jpg 768w\" sizes=\"auto, (max-width: 1024px) 100vw, 1024px\" \/><\/figure><\/div>\n\n\n\n<div style=\"height:100px\" aria-hidden=\"true\" class=\"wp-block-spacer\"><\/div>\n\n\n\n<div class=\"wp-block-media-text is-stacked-on-mobile\"><figure class=\"wp-block-media-text__media\"><img  title=\"\" loading=\"lazy\" decoding=\"async\" width=\"1024\" height=\"950\" src=\"https:\/\/cuecgalvez.com.ar\/blog\/wp-content\/uploads\/2025\/09\/TURISMO.jpeg\"  alt=\"TURISMO Beneficios\"  class=\"wp-image-66 size-full\" srcset=\"https:\/\/cuecgalvez.com.ar\/blog\/wp-content\/uploads\/2025\/09\/TURISMO.jpeg 1024w, https:\/\/cuecgalvez.com.ar\/blog\/wp-content\/uploads\/2025\/09\/TURISMO-300x278.jpeg 300w, https:\/\/cuecgalvez.com.ar\/blog\/wp-content\/uploads\/2025\/09\/TURISMO-768x713.jpeg 768w\" sizes=\"auto, (max-width: 1024px) 100vw, 1024px\" \/><\/figure><div class=\"wp-block-media-text__content\">\n<p><strong><strong>TURISMO<\/strong><\/strong>:<\/p>\n\n\n\n<p>Tarifas diferentes en Hoteles de la FAECYS y en Hoteles contratados en todo el pa\u00eds y en el exterior. <\/p>\n\n\n\n<details class=\"wp-block-details is-layout-flow wp-block-details-is-layout-flow\"><summary>VER REGLAMENTACI\u00d3N<\/summary>\n<p>Para obtener el beneficio no se necesita contar con antig\u00fcedad como socio al Sindicato.<\/p>\n<\/details>\n<\/div><\/div>\n\n\n\n<div style=\"height:100px\" aria-hidden=\"true\" class=\"wp-block-spacer\"><\/div>\n\n\n\n<div class=\"wp-block-media-text has-media-on-the-right is-stacked-on-mobile\"><div class=\"wp-block-media-text__content\">\n<p><strong><strong>ASESORAMIENTO LABORAL<\/strong><\/strong>:<\/p>\n\n\n\n<p>Con atenci\u00f3n en la sede gremial de LUNES a VIERNES de 8:30 hs a 12:30 hs y de 15:30 hs. a 19:30 hs., S\u00c1BADOS de 10 hs a 12 hs VIERNES: a partir de las 18:00 hs atenci\u00f3n de abogado laboralista en forma GRATUITA. <\/p>\n\n\n\n<details class=\"wp-block-details is-layout-flow wp-block-details-is-layout-flow\"><summary>VER REGLAMENTACI\u00d3N<\/summary>\n<p>Para obtener el beneficio no se necesita contar con antig\u00fcedad como socio al Sindicato.<\/p>\n<\/details>\n<\/div><figure class=\"wp-block-media-text__media\"><img  title=\"\" loading=\"lazy\" decoding=\"async\" width=\"1024\" height=\"958\" src=\"https:\/\/cuecgalvez.com.ar\/blog\/wp-content\/uploads\/2025\/09\/asesoramiento.png\"  alt=\"asesoramiento Beneficios\"  class=\"wp-image-72 size-full\" srcset=\"https:\/\/cuecgalvez.com.ar\/blog\/wp-content\/uploads\/2025\/09\/asesoramiento.png 1024w, https:\/\/cuecgalvez.com.ar\/blog\/wp-content\/uploads\/2025\/09\/asesoramiento-300x281.png 300w, https:\/\/cuecgalvez.com.ar\/blog\/wp-content\/uploads\/2025\/09\/asesoramiento-768x719.png 768w\" sizes=\"auto, (max-width: 1024px) 100vw, 1024px\" \/><\/figure><\/div>\n\n\n\n<div style=\"height:100px\" aria-hidden=\"true\" class=\"wp-block-spacer\"><\/div>\n\n\n\n<div class=\"wp-block-media-text is-stacked-on-mobile\"><figure class=\"wp-block-media-text__media\"><img  title=\"\" loading=\"lazy\" decoding=\"async\" width=\"1024\" height=\"956\" src=\"https:\/\/cuecgalvez.com.ar\/blog\/wp-content\/uploads\/2025\/09\/seguro-de-retiro-la-estrella.png\"  alt=\"seguro-de-retiro-la-estrella Beneficios\"  class=\"wp-image-76 size-full\" srcset=\"https:\/\/cuecgalvez.com.ar\/blog\/wp-content\/uploads\/2025\/09\/seguro-de-retiro-la-estrella.png 1024w, https:\/\/cuecgalvez.com.ar\/blog\/wp-content\/uploads\/2025\/09\/seguro-de-retiro-la-estrella-300x280.png 300w, https:\/\/cuecgalvez.com.ar\/blog\/wp-content\/uploads\/2025\/09\/seguro-de-retiro-la-estrella-768x717.png 768w\" sizes=\"auto, (max-width: 1024px) 100vw, 1024px\" \/><\/figure><div class=\"wp-block-media-text__content\">\n<p><strong><strong>SEGURO DE RETIRO \u00abLA ESTRELLA\u00bb<\/strong><\/strong>:<\/p>\n\n\n\n<p>El seguro de Retiro \u00abLA ESTRELLA\u00bb es con un aporte patronal; el hombre al cumplir los 65 a\u00f1os, la mujer a los 60 a\u00f1os, comienza a cobrar una renta adicional a la jubilaci\u00f3n y en caso de desvinculaci\u00f3n del trabajo ya sea por renuncia, despido o fallecimiento del titular puede pedir el rescate de la cuenta individual. Para cualquier tr\u00e1mite dirigirse al CUEC a retirar los formularios correspondiente en forma gratuita. <\/p>\n\n\n\n<details class=\"wp-block-details is-layout-flow wp-block-details-is-layout-flow\"><summary>VER REGLAMENTACI\u00d3N<\/summary>\n<p>Para obtener el beneficio no se necesita contar con antig\u00fcedad como socio al Sindicato.<\/p>\n<\/details>\n<\/div><\/div>\n\n\n\n<div style=\"height:100px\" aria-hidden=\"true\" class=\"wp-block-spacer\"><\/div>\n\n\n\n<p><\/p>\n","protected":false},"excerpt":{"rendered":"","protected":false},"author":2,"featured_media":0,"parent":0,"menu_order":0,"comment_status":"closed","ping_status":"closed","template":"","meta":{"footnotes":""},"class_list":["post-30","page","type-page","status-publish","hentry"],"yoast_head":"<!-- This site is optimized with the Yoast SEO plugin v26.3 - https:\/\/yoast.com\/wordpress\/plugins\/seo\/ -->\n<title>Beneficios - CUEC G\u00c1LVEZ<\/title>\n<meta name=\"robots\" content=\"index, follow, max-snippet:-1, max-image-preview:large, max-video-preview:-1\" \/>\n<link rel=\"canonical\" href=\"https:\/\/cuecgalvez.com.ar\/blog\/beneficios\/\" \/>\n<meta property=\"og:locale\" content=\"es_ES\" \/>\n<meta property=\"og:type\" content=\"article\" \/>\n<meta property=\"og:title\" content=\"Beneficios - CUEC G\u00c1LVEZ\" \/>\n<meta property=\"og:url\" content=\"https:\/\/cuecgalvez.com.ar\/blog\/beneficios\/\" \/>\n<meta property=\"og:site_name\" content=\"CUEC G\u00c1LVEZ\" \/>\n<meta property=\"article:modified_time\" content=\"2025-10-15T00:07:08+00:00\" \/>\n<meta property=\"og:image\" content=\"https:\/\/cuecgalvez.com.ar\/blog\/wp-content\/uploads\/2025\/09\/casamiento-1.png\" \/>\n\t<meta property=\"og:image:width\" content=\"640\" \/>\n\t<meta property=\"og:image:height\" content=\"594\" \/>\n\t<meta property=\"og:image:type\" content=\"image\/png\" \/>\n<meta name=\"twitter:card\" content=\"summary_large_image\" \/>\n<meta name=\"twitter:label1\" content=\"Tiempo de lectura\" \/>\n\t<meta name=\"twitter:data1\" content=\"5 minutos\" \/>\n<script type=\"application\/ld+json\" class=\"yoast-schema-graph\">{\"@context\":\"https:\/\/schema.org\",\"@graph\":[{\"@type\":\"WebPage\",\"@id\":\"https:\/\/cuecgalvez.com.ar\/blog\/beneficios\/\",\"url\":\"https:\/\/cuecgalvez.com.ar\/blog\/beneficios\/\",\"name\":\"Beneficios - CUEC G\u00c1LVEZ\",\"isPartOf\":{\"@id\":\"https:\/\/cuecgalvez.com.ar\/blog\/#website\"},\"primaryImageOfPage\":{\"@id\":\"https:\/\/cuecgalvez.com.ar\/blog\/beneficios\/#primaryimage\"},\"image\":{\"@id\":\"https:\/\/cuecgalvez.com.ar\/blog\/beneficios\/#primaryimage\"},\"thumbnailUrl\":\"https:\/\/cuecgalvez.com.ar\/blog\/wp-content\/uploads\/2025\/09\/casamiento-1.png\",\"datePublished\":\"2025-09-12T23:51:44+00:00\",\"dateModified\":\"2025-10-15T00:07:08+00:00\",\"breadcrumb\":{\"@id\":\"https:\/\/cuecgalvez.com.ar\/blog\/beneficios\/#breadcrumb\"},\"inLanguage\":\"es\",\"potentialAction\":[{\"@type\":\"ReadAction\",\"target\":[\"https:\/\/cuecgalvez.com.ar\/blog\/beneficios\/\"]}]},{\"@type\":\"ImageObject\",\"inLanguage\":\"es\",\"@id\":\"https:\/\/cuecgalvez.com.ar\/blog\/beneficios\/#primaryimage\",\"url\":\"https:\/\/cuecgalvez.com.ar\/blog\/wp-content\/uploads\/2025\/09\/casamiento-1.png\",\"contentUrl\":\"https:\/\/cuecgalvez.com.ar\/blog\/wp-content\/uploads\/2025\/09\/casamiento-1.png\",\"width\":1024,\"height\":950},{\"@type\":\"BreadcrumbList\",\"@id\":\"https:\/\/cuecgalvez.com.ar\/blog\/beneficios\/#breadcrumb\",\"itemListElement\":[{\"@type\":\"ListItem\",\"position\":1,\"name\":\"Portada\",\"item\":\"https:\/\/cuecgalvez.com.ar\/blog\/\"},{\"@type\":\"ListItem\",\"position\":2,\"name\":\"Beneficios\"}]},{\"@type\":\"WebSite\",\"@id\":\"https:\/\/cuecgalvez.com.ar\/blog\/#website\",\"url\":\"https:\/\/cuecgalvez.com.ar\/blog\/\",\"name\":\"CUEC G\u00e1lvez\",\"description\":\"Centro Uni\u00f3n Empleados de Comercio\",\"publisher\":{\"@id\":\"https:\/\/cuecgalvez.com.ar\/blog\/#organization\"},\"potentialAction\":[{\"@type\":\"SearchAction\",\"target\":{\"@type\":\"EntryPoint\",\"urlTemplate\":\"https:\/\/cuecgalvez.com.ar\/blog\/?s={search_term_string}\"},\"query-input\":{\"@type\":\"PropertyValueSpecification\",\"valueRequired\":true,\"valueName\":\"search_term_string\"}}],\"inLanguage\":\"es\"},{\"@type\":\"Organization\",\"@id\":\"https:\/\/cuecgalvez.com.ar\/blog\/#organization\",\"name\":\"Centro de Empleados de Comercio G\u00e1lvez\",\"url\":\"https:\/\/cuecgalvez.com.ar\/blog\/\",\"logo\":{\"@type\":\"ImageObject\",\"inLanguage\":\"es\",\"@id\":\"https:\/\/cuecgalvez.com.ar\/blog\/#\/schema\/logo\/image\/\",\"url\":\"https:\/\/cuecgalvez.com.ar\/blog\/wp-content\/uploads\/2025\/09\/centro-union-empleados-de-comercio.jpg\",\"contentUrl\":\"https:\/\/cuecgalvez.com.ar\/blog\/wp-content\/uploads\/2025\/09\/centro-union-empleados-de-comercio.jpg\",\"width\":900,\"height\":537,\"caption\":\"Centro de Empleados de Comercio G\u00e1lvez\"},\"image\":{\"@id\":\"https:\/\/cuecgalvez.com.ar\/blog\/#\/schema\/logo\/image\/\"}}]}<\/script>\n<!-- \/ Yoast SEO plugin. -->","yoast_head_json":{"title":"Beneficios - CUEC G\u00c1LVEZ","robots":{"index":"index","follow":"follow","max-snippet":"max-snippet:-1","max-image-preview":"max-image-preview:large","max-video-preview":"max-video-preview:-1"},"canonical":"https:\/\/cuecgalvez.com.ar\/blog\/beneficios\/","og_locale":"es_ES","og_type":"article","og_title":"Beneficios - CUEC G\u00c1LVEZ","og_url":"https:\/\/cuecgalvez.com.ar\/blog\/beneficios\/","og_site_name":"CUEC G\u00c1LVEZ","article_modified_time":"2025-10-15T00:07:08+00:00","og_image":[{"url":"https:\/\/cuecgalvez.com.ar\/blog\/wp-content\/uploads\/2025\/09\/casamiento-1.png","width":640,"height":594,"type":"image\/png"}],"twitter_card":"summary_large_image","twitter_misc":{"Tiempo de lectura":"5 minutos"},"schema":{"@context":"https:\/\/schema.org","@graph":[{"@type":"WebPage","@id":"https:\/\/cuecgalvez.com.ar\/blog\/beneficios\/","url":"https:\/\/cuecgalvez.com.ar\/blog\/beneficios\/","name":"Beneficios - CUEC G\u00c1LVEZ","isPartOf":{"@id":"https:\/\/cuecgalvez.com.ar\/blog\/#website"},"primaryImageOfPage":{"@id":"https:\/\/cuecgalvez.com.ar\/blog\/beneficios\/#primaryimage"},"image":{"@id":"https:\/\/cuecgalvez.com.ar\/blog\/beneficios\/#primaryimage"},"thumbnailUrl":"https:\/\/cuecgalvez.com.ar\/blog\/wp-content\/uploads\/2025\/09\/casamiento-1.png","datePublished":"2025-09-12T23:51:44+00:00","dateModified":"2025-10-15T00:07:08+00:00","breadcrumb":{"@id":"https:\/\/cuecgalvez.com.ar\/blog\/beneficios\/#breadcrumb"},"inLanguage":"es","potentialAction":[{"@type":"ReadAction","target":["https:\/\/cuecgalvez.com.ar\/blog\/beneficios\/"]}]},{"@type":"ImageObject","inLanguage":"es","@id":"https:\/\/cuecgalvez.com.ar\/blog\/beneficios\/#primaryimage","url":"https:\/\/cuecgalvez.com.ar\/blog\/wp-content\/uploads\/2025\/09\/casamiento-1.png","contentUrl":"https:\/\/cuecgalvez.com.ar\/blog\/wp-content\/uploads\/2025\/09\/casamiento-1.png","width":1024,"height":950},{"@type":"BreadcrumbList","@id":"https:\/\/cuecgalvez.com.ar\/blog\/beneficios\/#breadcrumb","itemListElement":[{"@type":"ListItem","position":1,"name":"Portada","item":"https:\/\/cuecgalvez.com.ar\/blog\/"},{"@type":"ListItem","position":2,"name":"Beneficios"}]},{"@type":"WebSite","@id":"https:\/\/cuecgalvez.com.ar\/blog\/#website","url":"https:\/\/cuecgalvez.com.ar\/blog\/","name":"CUEC G\u00e1lvez","description":"Centro Uni\u00f3n Empleados de Comercio","publisher":{"@id":"https:\/\/cuecgalvez.com.ar\/blog\/#organization"},"potentialAction":[{"@type":"SearchAction","target":{"@type":"EntryPoint","urlTemplate":"https:\/\/cuecgalvez.com.ar\/blog\/?s={search_term_string}"},"query-input":{"@type":"PropertyValueSpecification","valueRequired":true,"valueName":"search_term_string"}}],"inLanguage":"es"},{"@type":"Organization","@id":"https:\/\/cuecgalvez.com.ar\/blog\/#organization","name":"Centro de Empleados de Comercio G\u00e1lvez","url":"https:\/\/cuecgalvez.com.ar\/blog\/","logo":{"@type":"ImageObject","inLanguage":"es","@id":"https:\/\/cuecgalvez.com.ar\/blog\/#\/schema\/logo\/image\/","url":"https:\/\/cuecgalvez.com.ar\/blog\/wp-content\/uploads\/2025\/09\/centro-union-empleados-de-comercio.jpg","contentUrl":"https:\/\/cuecgalvez.com.ar\/blog\/wp-content\/uploads\/2025\/09\/centro-union-empleados-de-comercio.jpg","width":900,"height":537,"caption":"Centro de Empleados de Comercio G\u00e1lvez"},"image":{"@id":"https:\/\/cuecgalvez.com.ar\/blog\/#\/schema\/logo\/image\/"}}]}},"_links":{"self":[{"href":"https:\/\/cuecgalvez.com.ar\/blog\/wp-json\/wp\/v2\/pages\/30","targetHints":{"allow":["GET"]}}],"collection":[{"href":"https:\/\/cuecgalvez.com.ar\/blog\/wp-json\/wp\/v2\/pages"}],"about":[{"href":"https:\/\/cuecgalvez.com.ar\/blog\/wp-json\/wp\/v2\/types\/page"}],"author":[{"embeddable":true,"href":"https:\/\/cuecgalvez.com.ar\/blog\/wp-json\/wp\/v2\/users\/2"}],"replies":[{"embeddable":true,"href":"https:\/\/cuecgalvez.com.ar\/blog\/wp-json\/wp\/v2\/comments?post=30"}],"version-history":[{"count":25,"href":"https:\/\/cuecgalvez.com.ar\/blog\/wp-json\/wp\/v2\/pages\/30\/revisions"}],"predecessor-version":[{"id":376,"href":"https:\/\/cuecgalvez.com.ar\/blog\/wp-json\/wp\/v2\/pages\/30\/revisions\/376"}],"wp:attachment":[{"href":"https:\/\/cuecgalvez.com.ar\/blog\/wp-json\/wp\/v2\/media?parent=30"}],"curies":[{"name":"wp","href":"https:\/\/api.w.org\/{rel}","templated":true}]}}