{"id":95,"date":"2025-09-13T18:54:17","date_gmt":"2025-09-13T18:54:17","guid":{"rendered":"https:\/\/cuecgalvez.com.ar\/blog\/?page_id=95"},"modified":"2025-09-13T18:54:18","modified_gmt":"2025-09-13T18:54:18","slug":"preguntas-frecuentes","status":"publish","type":"page","link":"https:\/\/cuecgalvez.com.ar\/blog\/preguntas-frecuentes\/","title":{"rendered":"Preguntas Frecuentes"},"content":{"rendered":"\n<details class=\"wp-block-details is-layout-flow wp-block-details-is-layout-flow\"><summary><strong>\u00bfSI FALTO UN D\u00cdA A MI TRABAJO, PIERDO EL PRESENTISMO?<\/strong><\/summary>\n<p>Para perder el presentismo tiene que faltar m\u00e1s de un d\u00eda sin causa, si las faltas est\u00e1n justificadas y comunicado fehacientemente corresponde que le paguen el presentismo. Cualquier duda, consulte en el Gremio.<\/p>\n<\/details>\n","protected":false},"excerpt":{"rendered":"","protected":false},"author":2,"featured_media":0,"parent":0,"menu_order":0,"comment_status":"closed","ping_status":"closed","template":"","meta":{"footnotes":""},"class_list":["post-95","page","type-page","status-publish","hentry"],"yoast_head":"<!-- This site is optimized with the Yoast SEO plugin v26.3 - https:\/\/yoast.com\/wordpress\/plugins\/seo\/ -->\n<title>Preguntas Frecuentes - CUEC G\u00c1LVEZ<\/title>\n<meta name=\"robots\" content=\"index, follow, max-snippet:-1, max-image-preview:large, max-video-preview:-1\" \/>\n<link rel=\"canonical\" href=\"https:\/\/cuecgalvez.com.ar\/blog\/preguntas-frecuentes\/\" \/>\n<meta property=\"og:locale\" content=\"es_ES\" \/>\n<meta property=\"og:type\" content=\"article\" \/>\n<meta property=\"og:title\" content=\"Preguntas Frecuentes - CUEC G\u00c1LVEZ\" \/>\n<meta property=\"og:url\" content=\"https:\/\/cuecgalvez.com.ar\/blog\/preguntas-frecuentes\/\" \/>\n<meta property=\"og:site_name\" content=\"CUEC G\u00c1LVEZ\" \/>\n<meta property=\"article:modified_time\" content=\"2025-09-13T18:54:18+00:00\" \/>\n<meta name=\"twitter:card\" content=\"summary_large_image\" \/>\n<meta name=\"twitter:label1\" content=\"Tiempo de lectura\" \/>\n\t<meta name=\"twitter:data1\" content=\"1 minuto\" \/>\n<script type=\"application\/ld+json\" class=\"yoast-schema-graph\">{\"@context\":\"https:\/\/schema.org\",\"@graph\":[{\"@type\":\"WebPage\",\"@id\":\"https:\/\/cuecgalvez.com.ar\/blog\/preguntas-frecuentes\/\",\"url\":\"https:\/\/cuecgalvez.com.ar\/blog\/preguntas-frecuentes\/\",\"name\":\"Preguntas Frecuentes - CUEC G\u00c1LVEZ\",\"isPartOf\":{\"@id\":\"https:\/\/cuecgalvez.com.ar\/blog\/#website\"},\"datePublished\":\"2025-09-13T18:54:17+00:00\",\"dateModified\":\"2025-09-13T18:54:18+00:00\",\"breadcrumb\":{\"@id\":\"https:\/\/cuecgalvez.com.ar\/blog\/preguntas-frecuentes\/#breadcrumb\"},\"inLanguage\":\"es\",\"potentialAction\":[{\"@type\":\"ReadAction\",\"target\":[\"https:\/\/cuecgalvez.com.ar\/blog\/preguntas-frecuentes\/\"]}]},{\"@type\":\"BreadcrumbList\",\"@id\":\"https:\/\/cuecgalvez.com.ar\/blog\/preguntas-frecuentes\/#breadcrumb\",\"itemListElement\":[{\"@type\":\"ListItem\",\"position\":1,\"name\":\"Portada\",\"item\":\"https:\/\/cuecgalvez.com.ar\/blog\/\"},{\"@type\":\"ListItem\",\"position\":2,\"name\":\"Preguntas Frecuentes\"}]},{\"@type\":\"WebSite\",\"@id\":\"https:\/\/cuecgalvez.com.ar\/blog\/#website\",\"url\":\"https:\/\/cuecgalvez.com.ar\/blog\/\",\"name\":\"CUEC G\u00e1lvez\",\"description\":\"Centro Uni\u00f3n Empleados de Comercio\",\"publisher\":{\"@id\":\"https:\/\/cuecgalvez.com.ar\/blog\/#organization\"},\"potentialAction\":[{\"@type\":\"SearchAction\",\"target\":{\"@type\":\"EntryPoint\",\"urlTemplate\":\"https:\/\/cuecgalvez.com.ar\/blog\/?s={search_term_string}\"},\"query-input\":{\"@type\":\"PropertyValueSpecification\",\"valueRequired\":true,\"valueName\":\"search_term_string\"}}],\"inLanguage\":\"es\"},{\"@type\":\"Organization\",\"@id\":\"https:\/\/cuecgalvez.com.ar\/blog\/#organization\",\"name\":\"Centro de Empleados de Comercio G\u00e1lvez\",\"url\":\"https:\/\/cuecgalvez.com.ar\/blog\/\",\"logo\":{\"@type\":\"ImageObject\",\"inLanguage\":\"es\",\"@id\":\"https:\/\/cuecgalvez.com.ar\/blog\/#\/schema\/logo\/image\/\",\"url\":\"https:\/\/cuecgalvez.com.ar\/blog\/wp-content\/uploads\/2025\/09\/centro-union-empleados-de-comercio.jpg\",\"contentUrl\":\"https:\/\/cuecgalvez.com.ar\/blog\/wp-content\/uploads\/2025\/09\/centro-union-empleados-de-comercio.jpg\",\"width\":900,\"height\":537,\"caption\":\"Centro de Empleados de Comercio G\u00e1lvez\"},\"image\":{\"@id\":\"https:\/\/cuecgalvez.com.ar\/blog\/#\/schema\/logo\/image\/\"}}]}<\/script>\n<!-- \/ Yoast SEO plugin. -->","yoast_head_json":{"title":"Preguntas Frecuentes - CUEC G\u00c1LVEZ","robots":{"index":"index","follow":"follow","max-snippet":"max-snippet:-1","max-image-preview":"max-image-preview:large","max-video-preview":"max-video-preview:-1"},"canonical":"https:\/\/cuecgalvez.com.ar\/blog\/preguntas-frecuentes\/","og_locale":"es_ES","og_type":"article","og_title":"Preguntas Frecuentes - CUEC G\u00c1LVEZ","og_url":"https:\/\/cuecgalvez.com.ar\/blog\/preguntas-frecuentes\/","og_site_name":"CUEC G\u00c1LVEZ","article_modified_time":"2025-09-13T18:54:18+00:00","twitter_card":"summary_large_image","twitter_misc":{"Tiempo de lectura":"1 minuto"},"schema":{"@context":"https:\/\/schema.org","@graph":[{"@type":"WebPage","@id":"https:\/\/cuecgalvez.com.ar\/blog\/preguntas-frecuentes\/","url":"https:\/\/cuecgalvez.com.ar\/blog\/preguntas-frecuentes\/","name":"Preguntas Frecuentes - CUEC G\u00c1LVEZ","isPartOf":{"@id":"https:\/\/cuecgalvez.com.ar\/blog\/#website"},"datePublished":"2025-09-13T18:54:17+00:00","dateModified":"2025-09-13T18:54:18+00:00","breadcrumb":{"@id":"https:\/\/cuecgalvez.com.ar\/blog\/preguntas-frecuentes\/#breadcrumb"},"inLanguage":"es","potentialAction":[{"@type":"ReadAction","target":["https:\/\/cuecgalvez.com.ar\/blog\/preguntas-frecuentes\/"]}]},{"@type":"BreadcrumbList","@id":"https:\/\/cuecgalvez.com.ar\/blog\/preguntas-frecuentes\/#breadcrumb","itemListElement":[{"@type":"ListItem","position":1,"name":"Portada","item":"https:\/\/cuecgalvez.com.ar\/blog\/"},{"@type":"ListItem","position":2,"name":"Preguntas Frecuentes"}]},{"@type":"WebSite","@id":"https:\/\/cuecgalvez.com.ar\/blog\/#website","url":"https:\/\/cuecgalvez.com.ar\/blog\/","name":"CUEC G\u00e1lvez","description":"Centro Uni\u00f3n Empleados de Comercio","publisher":{"@id":"https:\/\/cuecgalvez.com.ar\/blog\/#organization"},"potentialAction":[{"@type":"SearchAction","target":{"@type":"EntryPoint","urlTemplate":"https:\/\/cuecgalvez.com.ar\/blog\/?s={search_term_string}"},"query-input":{"@type":"PropertyValueSpecification","valueRequired":true,"valueName":"search_term_string"}}],"inLanguage":"es"},{"@type":"Organization","@id":"https:\/\/cuecgalvez.com.ar\/blog\/#organization","name":"Centro de Empleados de Comercio G\u00e1lvez","url":"https:\/\/cuecgalvez.com.ar\/blog\/","logo":{"@type":"ImageObject","inLanguage":"es","@id":"https:\/\/cuecgalvez.com.ar\/blog\/#\/schema\/logo\/image\/","url":"https:\/\/cuecgalvez.com.ar\/blog\/wp-content\/uploads\/2025\/09\/centro-union-empleados-de-comercio.jpg","contentUrl":"https:\/\/cuecgalvez.com.ar\/blog\/wp-content\/uploads\/2025\/09\/centro-union-empleados-de-comercio.jpg","width":900,"height":537,"caption":"Centro de Empleados de Comercio G\u00e1lvez"},"image":{"@id":"https:\/\/cuecgalvez.com.ar\/blog\/#\/schema\/logo\/image\/"}}]}},"_links":{"self":[{"href":"https:\/\/cuecgalvez.com.ar\/blog\/wp-json\/wp\/v2\/pages\/95","targetHints":{"allow":["GET"]}}],"collection":[{"href":"https:\/\/cuecgalvez.com.ar\/blog\/wp-json\/wp\/v2\/pages"}],"about":[{"href":"https:\/\/cuecgalvez.com.ar\/blog\/wp-json\/wp\/v2\/types\/page"}],"author":[{"embeddable":true,"href":"https:\/\/cuecgalvez.com.ar\/blog\/wp-json\/wp\/v2\/users\/2"}],"replies":[{"embeddable":true,"href":"https:\/\/cuecgalvez.com.ar\/blog\/wp-json\/wp\/v2\/comments?post=95"}],"version-history":[{"count":1,"href":"https:\/\/cuecgalvez.com.ar\/blog\/wp-json\/wp\/v2\/pages\/95\/revisions"}],"predecessor-version":[{"id":96,"href":"https:\/\/cuecgalvez.com.ar\/blog\/wp-json\/wp\/v2\/pages\/95\/revisions\/96"}],"wp:attachment":[{"href":"https:\/\/cuecgalvez.com.ar\/blog\/wp-json\/wp\/v2\/media?parent=95"}],"curies":[{"name":"wp","href":"https:\/\/api.w.org\/{rel}","templated":true}]}}